{"id":71,"date":"2022-06-27T22:44:30","date_gmt":"2022-06-27T22:44:30","guid":{"rendered":"https:\/\/wplitsolutions.com.br\/?page_id=71"},"modified":"2023-02-06T18:39:29","modified_gmt":"2023-02-06T18:39:29","slug":"quem-somos","status":"publish","type":"page","link":"https:\/\/wplitsolutions.com.br\/index.php\/quem-somos\/","title":{"rendered":"Quem Somos"},"content":{"rendered":"\t\t<div data-elementor-type=\"wp-page\" data-elementor-id=\"71\" class=\"elementor elementor-71\">\n\t\t\t\t\t\t\t\t\t<section class=\"elementor-section elementor-top-section elementor-element elementor-element-330afa9 elementor-section-full_width elementor-section-height-min-height elementor-section-height-default elementor-section-items-middle\" data-id=\"330afa9\" data-element_type=\"section\" data-settings=\"{&quot;background_background&quot;:&quot;classic&quot;,&quot;_ha_eqh_enable&quot;:false}\">\n\t\t\t\t\t\t<div class=\"elementor-container elementor-column-gap-default\">\n\t\t\t\t\t<div class=\"elementor-column elementor-col-100 elementor-top-column elementor-element elementor-element-bbf0a2e\" data-id=\"bbf0a2e\" data-element_type=\"column\">\n\t\t\t<div class=\"elementor-widget-wrap elementor-element-populated\">\n\t\t\t\t\t\t\t\t<div class=\"elementor-element elementor-element-2063a1c elementor-widget elementor-widget-button\" data-id=\"2063a1c\" data-element_type=\"widget\" data-widget_type=\"button.default\">\n\t\t\t\t<div class=\"elementor-widget-container\">\n\t\t\t\t\t<div class=\"elementor-button-wrapper\">\n\t\t\t<a href=\"#\" class=\"elementor-button-link elementor-button elementor-size-sm\" role=\"button\">\n\t\t\t\t\t\t<span class=\"elementor-button-content-wrapper\">\n\t\t\t\t\t\t\t<span class=\"elementor-button-icon elementor-align-icon-left\">\n\t\t\t\t<i aria-hidden=\"true\" class=\"fas fa-hands-helping\"><\/i>\t\t\t<\/span>\n\t\t\t\t\t\t<span class=\"elementor-button-text\">Quem Somos<\/span>\n\t\t<\/span>\n\t\t\t\t\t<\/a>\n\t\t<\/div>\n\t\t\t\t<\/div>\n\t\t\t\t<\/div>\n\t\t\t\t\t<\/div>\n\t\t<\/div>\n\t\t\t\t\t\t\t<\/div>\n\t\t<\/section>\n\t\t\t\t<section data-ha-partstyle=\"nasa\" data-ha-partcolor=\"\" data-ha-partopacity=\"\" data-ha-partdirection=\"bottom\" class=\"elementor-section elementor-top-section elementor-element elementor-element-2a4d26a ha-particle-yes elementor-section-boxed elementor-section-height-default elementor-section-height-default ha-particle-adv-no\" data-id=\"2a4d26a\" data-element_type=\"section\" data-settings=\"{&quot;_ha_eqh_enable&quot;:false}\">\n\t\t\t\t\t\t<div class=\"elementor-container elementor-column-gap-default\">\n\t\t\t\t\t<div class=\"elementor-column elementor-col-50 elementor-top-column elementor-element elementor-element-8df03a7\" data-id=\"8df03a7\" data-element_type=\"column\">\n\t\t\t<div class=\"elementor-widget-wrap elementor-element-populated\">\n\t\t\t\t\t\t\t\t<div class=\"elementor-element elementor-element-7bca17b elementor-widget elementor-widget-image\" data-id=\"7bca17b\" data-element_type=\"widget\" data-widget_type=\"image.default\">\n\t\t\t\t<div class=\"elementor-widget-container\">\n\t\t\t<style>\/*! elementor - v3.10.2 - 29-01-2023 *\/\n.elementor-widget-image{text-align:center}.elementor-widget-image a{display:inline-block}.elementor-widget-image a img[src$=\".svg\"]{width:48px}.elementor-widget-image img{vertical-align:middle;display:inline-block}<\/style>\t\t\t\t\t\t\t\t\t\t\t\t<img loading=\"lazy\" decoding=\"async\" width=\"400\" height=\"400\" src=\"https:\/\/wplitsolutions.com.br\/wp-content\/uploads\/2022\/06\/Design-sem-nome-2022-06-27T154741.213.png\" class=\"attachment-large size-large wp-image-45\" alt=\"\" srcset=\"https:\/\/wplitsolutions.com.br\/wp-content\/uploads\/2022\/06\/Design-sem-nome-2022-06-27T154741.213.png 400w, https:\/\/wplitsolutions.com.br\/wp-content\/uploads\/2022\/06\/Design-sem-nome-2022-06-27T154741.213-300x300.png 300w, https:\/\/wplitsolutions.com.br\/wp-content\/uploads\/2022\/06\/Design-sem-nome-2022-06-27T154741.213-150x150.png 150w\" sizes=\"auto, (max-width: 400px) 100vw, 400px\" \/>\t\t\t\t\t\t\t\t\t\t\t\t\t\t\t<\/div>\n\t\t\t\t<\/div>\n\t\t\t\t\t<\/div>\n\t\t<\/div>\n\t\t\t\t<div class=\"elementor-column elementor-col-50 elementor-top-column elementor-element elementor-element-76c2230\" data-id=\"76c2230\" data-element_type=\"column\">\n\t\t\t<div class=\"elementor-widget-wrap elementor-element-populated\">\n\t\t\t\t\t\t\t\t<div class=\"elementor-element elementor-element-9559d33 elementor-widget elementor-widget-ha-animated-text happy-addon ha-animated-text happy-addon-pro\" data-id=\"9559d33\" data-element_type=\"widget\" data-settings=\"{&quot;animation_delay&quot;:2500}\" data-widget_type=\"ha-animated-text.default\">\n\t\t\t\t<div class=\"elementor-widget-container\">\n\t\t\t<h2 class=\"ha-animated-text-wrap cd-headline push ha-animated-has-before-text\" data-animation-delay=\"2500\"><span class=\"ha-animated-before-text\">Sobre A<\/span> <span class=\"ha-animated-text cd-words-wrapper\"><b class=\"elementor-repeater-item-339bde6 is-visible\">WPL It Solutions<\/b><\/span><\/h2>\t\t<\/div>\n\t\t\t\t<\/div>\n\t\t\t\t<div class=\"elementor-element elementor-element-6903591 elementor-widget elementor-widget-text-editor\" data-id=\"6903591\" data-element_type=\"widget\" data-widget_type=\"text-editor.default\">\n\t\t\t\t<div class=\"elementor-widget-container\">\n\t\t\t<style>\/*! elementor - v3.10.2 - 29-01-2023 *\/\n.elementor-widget-text-editor.elementor-drop-cap-view-stacked .elementor-drop-cap{background-color:#818a91;color:#fff}.elementor-widget-text-editor.elementor-drop-cap-view-framed .elementor-drop-cap{color:#818a91;border:3px solid;background-color:transparent}.elementor-widget-text-editor:not(.elementor-drop-cap-view-default) .elementor-drop-cap{margin-top:8px}.elementor-widget-text-editor:not(.elementor-drop-cap-view-default) .elementor-drop-cap-letter{width:1em;height:1em}.elementor-widget-text-editor .elementor-drop-cap{float:left;text-align:center;line-height:1;font-size:50px}.elementor-widget-text-editor .elementor-drop-cap-letter{display:inline-block}<\/style>\t\t\t\t<p>Em 2014 nasce a <strong>WPL It Solutions<\/strong> empresa especializada na gest\u00e3o de ambientes de tecnologia.<\/p><p>Ap\u00f3s uma longa jornada pelo <strong>Jornal Di\u00e1rio de S\u00e3o Paulo<\/strong> e <strong>Organiza\u00e7\u00f5es Globo William Pereira<\/strong> funda sua empresa afim de levar um ambiente seguro com foco na administra\u00e7\u00e3o das solu\u00e7\u00f5es de tecnologia para empresas de todos os segmentos.<\/p><p>Atuando em parceria com os maiores fabricantes como <strong>Dell<\/strong>, <strong>Microsoft<\/strong>, <strong>Lenovo<\/strong>, <strong>Sonicwall<\/strong> entre outros capacitamos nosso time para levar o melhor para o ambiente de nossos clientes.<\/p>\t\t\t\t\t\t<\/div>\n\t\t\t\t<\/div>\n\t\t\t\t\t<\/div>\n\t\t<\/div>\n\t\t\t\t\t\t\t<\/div>\n\t\t<\/section>\n\t\t\t\t<section class=\"elementor-section elementor-top-section elementor-element elementor-element-d78bf4c elementor-section-boxed elementor-section-height-default elementor-section-height-default\" data-id=\"d78bf4c\" data-element_type=\"section\" data-settings=\"{&quot;_ha_eqh_enable&quot;:false}\">\n\t\t\t\t\t\t<div class=\"elementor-container elementor-column-gap-default\">\n\t\t\t\t\t<div class=\"elementor-column elementor-col-100 elementor-top-column elementor-element elementor-element-72f0d4f\" data-id=\"72f0d4f\" data-element_type=\"column\">\n\t\t\t<div class=\"elementor-widget-wrap elementor-element-populated\">\n\t\t\t\t\t\t\t\t<div class=\"elementor-element elementor-element-2ee81f1 elementor-widget elementor-widget-ha-animated-text happy-addon ha-animated-text happy-addon-pro\" data-id=\"2ee81f1\" data-element_type=\"widget\" data-widget_type=\"ha-animated-text.default\">\n\t\t\t\t<div class=\"elementor-widget-container\">\n\t\t\t<h2 class=\"ha-animated-text-wrap cd-headline loading-bar ha-animated-has-before-text\" data-animation-delay=\"\"><span class=\"ha-animated-before-text\">Nossos<\/span> <span class=\"ha-animated-text cd-words-wrapper\"><b class=\"elementor-repeater-item-a707c0e is-visible\">Clientes<\/b><\/span><\/h2>\t\t<\/div>\n\t\t\t\t<\/div>\n\t\t\t\t<div class=\"elementor-element elementor-element-a9d5507 elementor-arrows-position-inside elementor-pagination-position-outside elementor-widget elementor-widget-image-carousel\" data-id=\"a9d5507\" data-element_type=\"widget\" data-settings=\"{&quot;slides_to_show&quot;:&quot;3&quot;,&quot;navigation&quot;:&quot;both&quot;,&quot;autoplay&quot;:&quot;yes&quot;,&quot;pause_on_hover&quot;:&quot;yes&quot;,&quot;pause_on_interaction&quot;:&quot;yes&quot;,&quot;autoplay_speed&quot;:5000,&quot;infinite&quot;:&quot;yes&quot;,&quot;speed&quot;:500}\" data-widget_type=\"image-carousel.default\">\n\t\t\t\t<div class=\"elementor-widget-container\">\n\t\t\t<style>\/*! elementor - v3.10.2 - 29-01-2023 *\/\n.elementor-widget-image-carousel .swiper-container{position:static}.elementor-widget-image-carousel .swiper-container .swiper-slide figure{line-height:inherit}.elementor-widget-image-carousel .swiper-slide{text-align:center}.elementor-image-carousel-wrapper:not(.swiper-container-initialized) .swiper-slide{max-width:calc(100% \/ var(--e-image-carousel-slides-to-show, 3))}<\/style>\t\t<div class=\"elementor-image-carousel-wrapper swiper-container\" dir=\"ltr\">\n\t\t\t<div class=\"elementor-image-carousel swiper-wrapper\">\n\t\t\t\t\t\t\t\t<div class=\"swiper-slide\"><figure class=\"swiper-slide-inner\"><img decoding=\"async\" class=\"swiper-slide-image\" src=\"https:\/\/wplitsolutions.com.br\/wp-content\/uploads\/2022\/06\/Design-sem-nome-2022-06-27T184022.426.png\" alt=\"Design sem nome - 2022-06-27T184022.426\" \/><\/figure><\/div><div class=\"swiper-slide\"><figure class=\"swiper-slide-inner\"><img decoding=\"async\" class=\"swiper-slide-image\" src=\"https:\/\/wplitsolutions.com.br\/wp-content\/uploads\/2022\/06\/Design-sem-nome-2022-06-27T184907.762.png\" alt=\"Design sem nome - 2022-06-27T184907.762\" \/><\/figure><\/div><div class=\"swiper-slide\"><figure class=\"swiper-slide-inner\"><img decoding=\"async\" class=\"swiper-slide-image\" src=\"https:\/\/wplitsolutions.com.br\/wp-content\/uploads\/2022\/06\/Design-sem-nome-2022-06-27T185057.902.png\" alt=\"Design sem nome - 2022-06-27T185057.902\" \/><\/figure><\/div><div class=\"swiper-slide\"><figure class=\"swiper-slide-inner\"><img decoding=\"async\" class=\"swiper-slide-image\" src=\"https:\/\/wplitsolutions.com.br\/wp-content\/uploads\/2022\/06\/Design-sem-nome-2022-06-27T185217.884.png\" alt=\"Design sem nome - 2022-06-27T185217.884\" \/><\/figure><\/div><div class=\"swiper-slide\"><figure class=\"swiper-slide-inner\"><img decoding=\"async\" class=\"swiper-slide-image\" src=\"https:\/\/wplitsolutions.com.br\/wp-content\/uploads\/2022\/06\/Design-sem-nome-2022-06-27T185318.363.png\" alt=\"Design sem nome - 2022-06-27T185318.363\" \/><\/figure><\/div><div class=\"swiper-slide\"><figure class=\"swiper-slide-inner\"><img decoding=\"async\" class=\"swiper-slide-image\" src=\"https:\/\/wplitsolutions.com.br\/wp-content\/uploads\/2022\/06\/Design-sem-nome-2022-06-28T112312.631.png\" alt=\"Design sem nome - 2022-06-28T112312.631\" \/><\/figure><\/div><div class=\"swiper-slide\"><figure class=\"swiper-slide-inner\"><img decoding=\"async\" class=\"swiper-slide-image\" src=\"https:\/\/wplitsolutions.com.br\/wp-content\/uploads\/2022\/06\/Design-sem-nome-2022-06-28T112535.020.png\" alt=\"Design sem nome - 2022-06-28T112535.020\" \/><\/figure><\/div><div class=\"swiper-slide\"><figure class=\"swiper-slide-inner\"><img decoding=\"async\" class=\"swiper-slide-image\" src=\"https:\/\/wplitsolutions.com.br\/wp-content\/uploads\/2022\/06\/Design-sem-nome-2022-06-28T112706.297.png\" alt=\"Design sem nome - 2022-06-28T112706.297\" \/><\/figure><\/div><div class=\"swiper-slide\"><figure class=\"swiper-slide-inner\"><img decoding=\"async\" class=\"swiper-slide-image\" src=\"https:\/\/wplitsolutions.com.br\/wp-content\/uploads\/2022\/06\/Design-sem-nome-2022-06-28T112834.125.png\" alt=\"Design sem nome - 2022-06-28T112834.125\" \/><\/figure><\/div>\t\t\t<\/div>\n\t\t\t\t\t\t\t\t\t\t\t\t<div class=\"swiper-pagination\"><\/div>\n\t\t\t\t\t\t\t\t\t\t\t\t\t<div class=\"elementor-swiper-button elementor-swiper-button-prev\">\n\t\t\t\t\t\t<i aria-hidden=\"true\" class=\"eicon-chevron-left\"><\/i>\t\t\t\t\t\t<span class=\"elementor-screen-only\">Anterior<\/span>\n\t\t\t\t\t<\/div>\n\t\t\t\t\t<div class=\"elementor-swiper-button elementor-swiper-button-next\">\n\t\t\t\t\t\t<i aria-hidden=\"true\" class=\"eicon-chevron-right\"><\/i>\t\t\t\t\t\t<span class=\"elementor-screen-only\">Pr\u00f3ximo<\/span>\n\t\t\t\t\t<\/div>\n\t\t\t\t\t\t\t\t\t<\/div>\n\t\t\t\t<\/div>\n\t\t\t\t<\/div>\n\t\t\t\t\t<\/div>\n\t\t<\/div>\n\t\t\t\t\t\t\t<\/div>\n\t\t<\/section>\n\t\t\t\t\t\t\t<\/div>\n\t\t","protected":false},"excerpt":{"rendered":"<p>Quem Somos Sobre A WPL It Solutions Em 2014 nasce a WPL It Solutions empresa especializada na gest\u00e3o de ambientes de tecnologia. Ap\u00f3s uma longa jornada pelo Jornal Di\u00e1rio de S\u00e3o Paulo e Organiza\u00e7\u00f5es Globo William Pereira funda sua empresa afim de levar um ambiente seguro com foco na administra\u00e7\u00e3o das solu\u00e7\u00f5es de tecnologia para [&hellip;]<\/p>\n","protected":false},"author":1,"featured_media":0,"parent":0,"menu_order":0,"comment_status":"closed","ping_status":"closed","template":"","meta":{"footnotes":""},"class_list":["post-71","page","type-page","status-publish","hentry"],"_links":{"self":[{"href":"https:\/\/wplitsolutions.com.br\/index.php\/wp-json\/wp\/v2\/pages\/71","targetHints":{"allow":["GET"]}}],"collection":[{"href":"https:\/\/wplitsolutions.com.br\/index.php\/wp-json\/wp\/v2\/pages"}],"about":[{"href":"https:\/\/wplitsolutions.com.br\/index.php\/wp-json\/wp\/v2\/types\/page"}],"author":[{"embeddable":true,"href":"https:\/\/wplitsolutions.com.br\/index.php\/wp-json\/wp\/v2\/users\/1"}],"replies":[{"embeddable":true,"href":"https:\/\/wplitsolutions.com.br\/index.php\/wp-json\/wp\/v2\/comments?post=71"}],"version-history":[{"count":22,"href":"https:\/\/wplitsolutions.com.br\/index.php\/wp-json\/wp\/v2\/pages\/71\/revisions"}],"predecessor-version":[{"id":223,"href":"https:\/\/wplitsolutions.com.br\/index.php\/wp-json\/wp\/v2\/pages\/71\/revisions\/223"}],"wp:attachment":[{"href":"https:\/\/wplitsolutions.com.br\/index.php\/wp-json\/wp\/v2\/media?parent=71"}],"curies":[{"name":"wp","href":"https:\/\/api.w.org\/{rel}","templated":true}]}}